{"id":1239,"date":"2024-03-04T06:57:15","date_gmt":"2024-03-04T05:57:15","guid":{"rendered":"https:\/\/schmidt-film.com\/documentary-film\/"},"modified":"2025-03-30T20:32:45","modified_gmt":"2025-03-30T18:32:45","slug":"documentary-film","status":"publish","type":"page","link":"https:\/\/schmidt-film.com\/en\/documentary-film\/","title":{"rendered":"Documentary film"},"content":{"rendered":"[vc_row type=&#8221;full_width_background&#8221; full_screen_row_position=&#8221;middle&#8221; column_margin=&#8221;default&#8221; column_direction=&#8221;default&#8221; column_direction_tablet=&#8221;default&#8221; column_direction_phone=&#8221;default&#8221; bg_color=&#8221;#000000&#8243; scene_position=&#8221;center&#8221; top_padding=&#8221;6%&#8221; constrain_group_1=&#8221;yes&#8221; bottom_padding=&#8221;6%&#8221; top_padding_tablet=&#8221;8%&#8221; constrain_group_3=&#8221;yes&#8221; bottom_padding_tablet=&#8221;8%&#8221; top_padding_phone=&#8221;10%&#8221; constrain_group_5=&#8221;yes&#8221; bottom_padding_phone=&#8221;10%&#8221; text_color=&#8221;dark&#8221; text_align=&#8221;left&#8221; row_border_radius=&#8221;none&#8221; row_border_radius_applies=&#8221;bg&#8221; overflow=&#8221;visible&#8221; overlay_strength=&#8221;0.3&#8243; gradient_direction=&#8221;left_to_right&#8221; shape_divider_position=&#8221;bottom&#8221; bg_image_animation=&#8221;none&#8221; gradient_type=&#8221;default&#8221; shape_type=&#8221;&#8221;][vc_column column_padding=&#8221;padding-4-percent&#8221; column_padding_tablet=&#8221;inherit&#8221; column_padding_phone=&#8221;inherit&#8221; column_padding_position=&#8221;all&#8221; column_element_direction_desktop=&#8221;default&#8221; column_element_spacing=&#8221;default&#8221; centered_text=&#8221;true&#8221; desktop_text_alignment=&#8221;default&#8221; tablet_text_alignment=&#8221;default&#8221; phone_text_alignment=&#8221;default&#8221; background_color_opacity=&#8221;1&#8243; background_hover_color_opacity=&#8221;1&#8243; column_backdrop_filter=&#8221;none&#8221; font_color=&#8221;#ffffff&#8221; column_shadow=&#8221;none&#8221; column_border_radius=&#8221;none&#8221; column_link_target=&#8221;_self&#8221; column_position=&#8221;default&#8221; gradient_direction=&#8221;left_to_right&#8221; overlay_strength=&#8221;0.3&#8243; width=&#8221;1\/1&#8243; tablet_width_inherit=&#8221;default&#8221; animation_type=&#8221;default&#8221; bg_image_animation=&#8221;none&#8221; border_type=&#8221;simple&#8221; column_border_width=&#8221;none&#8221; column_border_style=&#8221;solid&#8221; column_padding_type=&#8221;default&#8221; gradient_type=&#8221;default&#8221;][vc_column_text text_direction=&#8221;default&#8221;]\n<h2 style=\"text-align: center;\">Documentary film<\/h2>\n[\/vc_column_text][\/vc_column][\/vc_row][vc_row type=&#8221;full_width_background&#8221; full_screen_row_position=&#8221;middle&#8221; column_margin=&#8221;default&#8221; column_direction=&#8221;default&#8221; column_direction_tablet=&#8221;default&#8221; column_direction_phone=&#8221;default&#8221; scene_position=&#8221;center&#8221; top_padding=&#8221;8%&#8221; constrain_group_1=&#8221;yes&#8221; bottom_padding=&#8221;8%&#8221; top_padding_tablet=&#8221;10%&#8221; constrain_group_3=&#8221;yes&#8221; bottom_padding_tablet=&#8221;10%&#8221; top_padding_phone=&#8221;12%&#8221; constrain_group_5=&#8221;yes&#8221; bottom_padding_phone=&#8221;12%&#8221; text_color=&#8221;dark&#8221; text_align=&#8221;left&#8221; row_border_radius=&#8221;none&#8221; row_border_radius_applies=&#8221;bg&#8221; overflow=&#8221;visible&#8221; overlay_strength=&#8221;0.3&#8243; gradient_direction=&#8221;left_to_right&#8221; shape_divider_position=&#8221;bottom&#8221; bg_image_animation=&#8221;none&#8221; gradient_type=&#8221;default&#8221; shape_type=&#8221;&#8221;][vc_column column_padding=&#8221;no-extra-padding&#8221; column_padding_tablet=&#8221;inherit&#8221; column_padding_phone=&#8221;inherit&#8221; column_padding_position=&#8221;all&#8221; column_element_direction_desktop=&#8221;default&#8221; column_element_spacing=&#8221;default&#8221; desktop_text_alignment=&#8221;default&#8221; tablet_text_alignment=&#8221;default&#8221; phone_text_alignment=&#8221;default&#8221; background_color_opacity=&#8221;1&#8243; background_hover_color_opacity=&#8221;1&#8243; column_backdrop_filter=&#8221;none&#8221; column_shadow=&#8221;none&#8221; column_border_radius=&#8221;none&#8221; column_link_target=&#8221;_self&#8221; column_position=&#8221;default&#8221; gradient_direction=&#8221;left_to_right&#8221; overlay_strength=&#8221;0.3&#8243; width=&#8221;1\/1&#8243; tablet_width_inherit=&#8221;default&#8221; animation_type=&#8221;default&#8221; bg_image_animation=&#8221;none&#8221; border_type=&#8221;simple&#8221; column_border_width=&#8221;none&#8221; column_border_style=&#8221;solid&#8221;][nectar_post_grid post_type=&#8221;portfolio&#8221; portfolio_category=&#8221;dokumentation&#8221; order=&#8221;DESC&#8221; orderby=&#8221;date&#8221; pagination=&#8221;none&#8221; columns=&#8221;1&#8243; columns_tablet=&#8221;default&#8221; columns_phone=&#8221;default&#8221; grid_item_spacing=&#8221;40px&#8221; grid_item_height=&#8221;75vh&#8221; image_size=&#8221;large&#8221; image_loading=&#8221;default&#8221; animation=&#8221;none&#8221; animation_stagger=&#8221;90&#8243; animation_easing=&#8221;default&#8221; heading_tag=&#8221;default&#8221; display_excerpt=&#8221;yes&#8221; excerpt_display=&#8221;default&#8221; additional_meta_size=&#8221;default&#8221; grid_style=&#8221;content_under_image&#8221; content_under_image_text_align=&#8221;left&#8221; text_color=&#8221;dark&#8221; hover_effect=&#8221;slow_zoom&#8221; border_radius=&#8221;none&#8221; display_type=&#8221;grid&#8221; posts_per_page=&#8221;100&#8243; excerpt_length=&#8221;20&#8243;][\/vc_column][\/vc_row]\n","protected":false},"excerpt":{"rendered":"<p>[vc_row type=&#8221;full_width_background&#8221; full_screen_row_position=&#8221;middle&#8221; column_margin=&#8221;default&#8221; column_direction=&#8221;default&#8221; column_direction_tablet=&#8221;default&#8221; column_direction_phone=&#8221;default&#8221; bg_color=&#8221;#000000&#8243; scene_position=&#8221;center&#8221; top_padding=&#8221;6%&#8221; constrain_group_1=&#8221;yes&#8221; bottom_padding=&#8221;6%&#8221; top_padding_tablet=&#8221;8%&#8221; constrain_group_3=&#8221;yes&#8221; bottom_padding_tablet=&#8221;8%&#8221; top_padding_phone=&#8221;10%&#8221; constrain_group_5=&#8221;yes&#8221; bottom_padding_phone=&#8221;10%&#8221; text_color=&#8221;dark&#8221; text_align=&#8221;left&#8221; row_border_radius=&#8221;none&#8221; row_border_radius_applies=&#8221;bg&#8221; overflow=&#8221;visible&#8221; overlay_strength=&#8221;0.3&#8243; gradient_direction=&#8221;left_to_right&#8221; shape_divider_position=&#8221;bottom&#8221; bg_image_animation=&#8221;none&#8221; gradient_type=&#8221;default&#8221; shape_type=&#8221;&#8221;][vc_column column_padding=&#8221;padding-4-percent&#8221;&#8230;<\/p>\n","protected":false},"author":1,"featured_media":0,"parent":0,"menu_order":0,"comment_status":"closed","ping_status":"closed","template":"","meta":{"inline_featured_image":false,"footnotes":""},"class_list":["post-1239","page","type-page","status-publish"],"yoast_head":"<!-- This site is optimized with the Yoast SEO plugin v27.4 - https:\/\/yoast.com\/product\/yoast-seo-wordpress\/ -->\n<title>Documentary film - Anna Schmidt. schmidtFilm. Film- und Fernsehproduktion<\/title>\n<meta name=\"robots\" content=\"index, follow, max-snippet:-1, max-image-preview:large, max-video-preview:-1\" \/>\n<link rel=\"canonical\" href=\"https:\/\/schmidt-film.com\/en\/documentary-film\/\" \/>\n<meta property=\"og:locale\" content=\"en_US\" \/>\n<meta property=\"og:type\" content=\"article\" \/>\n<meta property=\"og:title\" content=\"Documentary film - Anna Schmidt. schmidtFilm. Film- und Fernsehproduktion\" \/>\n<meta property=\"og:description\" content=\"[vc_row type=&#8221;full_width_background&#8221; full_screen_row_position=&#8221;middle&#8221; column_margin=&#8221;default&#8221; column_direction=&#8221;default&#8221; column_direction_tablet=&#8221;default&#8221; column_direction_phone=&#8221;default&#8221; bg_color=&#8221;#000000&#8243; scene_position=&#8221;center&#8221; top_padding=&#8221;6%&#8221; constrain_group_1=&#8221;yes&#8221; bottom_padding=&#8221;6%&#8221; top_padding_tablet=&#8221;8%&#8221; constrain_group_3=&#8221;yes&#8221; bottom_padding_tablet=&#8221;8%&#8221; top_padding_phone=&#8221;10%&#8221; constrain_group_5=&#8221;yes&#8221; bottom_padding_phone=&#8221;10%&#8221; text_color=&#8221;dark&#8221; text_align=&#8221;left&#8221; row_border_radius=&#8221;none&#8221; row_border_radius_applies=&#8221;bg&#8221; overflow=&#8221;visible&#8221; overlay_strength=&#8221;0.3&#8243; gradient_direction=&#8221;left_to_right&#8221; shape_divider_position=&#8221;bottom&#8221; bg_image_animation=&#8221;none&#8221; gradient_type=&#8221;default&#8221; shape_type=&#8221;&#8221;][vc_column column_padding=&#8221;padding-4-percent&#8221;...\" \/>\n<meta property=\"og:url\" content=\"https:\/\/schmidt-film.com\/en\/documentary-film\/\" \/>\n<meta property=\"og:site_name\" content=\"Anna Schmidt. schmidtFilm. Film- und Fernsehproduktion\" \/>\n<meta property=\"article:modified_time\" content=\"2025-03-30T18:32:45+00:00\" \/>\n<meta name=\"twitter:card\" content=\"summary_large_image\" \/>\n<meta name=\"twitter:label1\" content=\"Est. reading time\" \/>\n\t<meta name=\"twitter:data1\" content=\"2 minutes\" \/>\n<script type=\"application\/ld+json\" class=\"yoast-schema-graph\">{\"@context\":\"https:\\\/\\\/schema.org\",\"@graph\":[{\"@type\":\"WebPage\",\"@id\":\"https:\\\/\\\/schmidt-film.com\\\/en\\\/documentary-film\\\/\",\"url\":\"https:\\\/\\\/schmidt-film.com\\\/en\\\/documentary-film\\\/\",\"name\":\"Documentary film - Anna Schmidt. schmidtFilm. Film- und Fernsehproduktion\",\"isPartOf\":{\"@id\":\"https:\\\/\\\/schmidt-film.com\\\/en\\\/#website\"},\"datePublished\":\"2024-03-04T05:57:15+00:00\",\"dateModified\":\"2025-03-30T18:32:45+00:00\",\"breadcrumb\":{\"@id\":\"https:\\\/\\\/schmidt-film.com\\\/en\\\/documentary-film\\\/#breadcrumb\"},\"inLanguage\":\"en-US\",\"potentialAction\":[{\"@type\":\"ReadAction\",\"target\":[\"https:\\\/\\\/schmidt-film.com\\\/en\\\/documentary-film\\\/\"]}]},{\"@type\":\"BreadcrumbList\",\"@id\":\"https:\\\/\\\/schmidt-film.com\\\/en\\\/documentary-film\\\/#breadcrumb\",\"itemListElement\":[{\"@type\":\"ListItem\",\"position\":1,\"name\":\"Startseite\",\"item\":\"https:\\\/\\\/schmidt-film.com\\\/en\\\/film-and-television-production\\\/\"},{\"@type\":\"ListItem\",\"position\":2,\"name\":\"Documentary film\"}]},{\"@type\":\"WebSite\",\"@id\":\"https:\\\/\\\/schmidt-film.com\\\/en\\\/#website\",\"url\":\"https:\\\/\\\/schmidt-film.com\\\/en\\\/\",\"name\":\"Schmidtfilm. Film- und Fernsehproduktion\",\"description\":\"Wir entwickeln und produzieren Dokumentarfilme, Reportagen, Image- und Kunstfilme. Spannend, bildstark und international. Seit fast 20 Jahren steht schmidtFilm f\u00fcr kluge Unterhaltung. Unsere Filme erz\u00e4hlen Geschichten, die spannend und unterhaltsam sind. Sie entdecken Menschen und Kulturen, Unbekanntes und f\u00fchren hinter das Offensichtliche.\",\"publisher\":{\"@id\":\"https:\\\/\\\/schmidt-film.com\\\/en\\\/#organization\"},\"potentialAction\":[{\"@type\":\"SearchAction\",\"target\":{\"@type\":\"EntryPoint\",\"urlTemplate\":\"https:\\\/\\\/schmidt-film.com\\\/en\\\/?s={search_term_string}\"},\"query-input\":{\"@type\":\"PropertyValueSpecification\",\"valueRequired\":true,\"valueName\":\"search_term_string\"}}],\"inLanguage\":\"en-US\"},{\"@type\":\"Organization\",\"@id\":\"https:\\\/\\\/schmidt-film.com\\\/en\\\/#organization\",\"name\":\"Schmidtfilm. Film- und Fernsehproduktion\",\"url\":\"https:\\\/\\\/schmidt-film.com\\\/en\\\/\",\"logo\":{\"@type\":\"ImageObject\",\"inLanguage\":\"en-US\",\"@id\":\"https:\\\/\\\/schmidt-film.com\\\/en\\\/#\\\/schema\\\/logo\\\/image\\\/\",\"url\":\"https:\\\/\\\/schmidt-film.com\\\/wp-content\\\/uploads\\\/2024\\\/02\\\/AS_Logo_schwarz.jpg\",\"contentUrl\":\"https:\\\/\\\/schmidt-film.com\\\/wp-content\\\/uploads\\\/2024\\\/02\\\/AS_Logo_schwarz.jpg\",\"width\":144,\"height\":58,\"caption\":\"Schmidtfilm. Film- und Fernsehproduktion\"},\"image\":{\"@id\":\"https:\\\/\\\/schmidt-film.com\\\/en\\\/#\\\/schema\\\/logo\\\/image\\\/\"}}]}<\/script>\n<!-- \/ Yoast SEO plugin. -->","yoast_head_json":{"title":"Documentary film - Anna Schmidt. schmidtFilm. Film- und Fernsehproduktion","robots":{"index":"index","follow":"follow","max-snippet":"max-snippet:-1","max-image-preview":"max-image-preview:large","max-video-preview":"max-video-preview:-1"},"canonical":"https:\/\/schmidt-film.com\/en\/documentary-film\/","og_locale":"en_US","og_type":"article","og_title":"Documentary film - Anna Schmidt. schmidtFilm. Film- und Fernsehproduktion","og_description":"[vc_row type=&#8221;full_width_background&#8221; full_screen_row_position=&#8221;middle&#8221; column_margin=&#8221;default&#8221; column_direction=&#8221;default&#8221; column_direction_tablet=&#8221;default&#8221; column_direction_phone=&#8221;default&#8221; bg_color=&#8221;#000000&#8243; scene_position=&#8221;center&#8221; top_padding=&#8221;6%&#8221; constrain_group_1=&#8221;yes&#8221; bottom_padding=&#8221;6%&#8221; top_padding_tablet=&#8221;8%&#8221; constrain_group_3=&#8221;yes&#8221; bottom_padding_tablet=&#8221;8%&#8221; top_padding_phone=&#8221;10%&#8221; constrain_group_5=&#8221;yes&#8221; bottom_padding_phone=&#8221;10%&#8221; text_color=&#8221;dark&#8221; text_align=&#8221;left&#8221; row_border_radius=&#8221;none&#8221; row_border_radius_applies=&#8221;bg&#8221; overflow=&#8221;visible&#8221; overlay_strength=&#8221;0.3&#8243; gradient_direction=&#8221;left_to_right&#8221; shape_divider_position=&#8221;bottom&#8221; bg_image_animation=&#8221;none&#8221; gradient_type=&#8221;default&#8221; shape_type=&#8221;&#8221;][vc_column column_padding=&#8221;padding-4-percent&#8221;...","og_url":"https:\/\/schmidt-film.com\/en\/documentary-film\/","og_site_name":"Anna Schmidt. schmidtFilm. Film- und Fernsehproduktion","article_modified_time":"2025-03-30T18:32:45+00:00","twitter_card":"summary_large_image","twitter_misc":{"Est. reading time":"2 minutes"},"schema":{"@context":"https:\/\/schema.org","@graph":[{"@type":"WebPage","@id":"https:\/\/schmidt-film.com\/en\/documentary-film\/","url":"https:\/\/schmidt-film.com\/en\/documentary-film\/","name":"Documentary film - Anna Schmidt. schmidtFilm. Film- und Fernsehproduktion","isPartOf":{"@id":"https:\/\/schmidt-film.com\/en\/#website"},"datePublished":"2024-03-04T05:57:15+00:00","dateModified":"2025-03-30T18:32:45+00:00","breadcrumb":{"@id":"https:\/\/schmidt-film.com\/en\/documentary-film\/#breadcrumb"},"inLanguage":"en-US","potentialAction":[{"@type":"ReadAction","target":["https:\/\/schmidt-film.com\/en\/documentary-film\/"]}]},{"@type":"BreadcrumbList","@id":"https:\/\/schmidt-film.com\/en\/documentary-film\/#breadcrumb","itemListElement":[{"@type":"ListItem","position":1,"name":"Startseite","item":"https:\/\/schmidt-film.com\/en\/film-and-television-production\/"},{"@type":"ListItem","position":2,"name":"Documentary film"}]},{"@type":"WebSite","@id":"https:\/\/schmidt-film.com\/en\/#website","url":"https:\/\/schmidt-film.com\/en\/","name":"Schmidtfilm. Film- und Fernsehproduktion","description":"Wir entwickeln und produzieren Dokumentarfilme, Reportagen, Image- und Kunstfilme. Spannend, bildstark und international. Seit fast 20 Jahren steht schmidtFilm f\u00fcr kluge Unterhaltung. Unsere Filme erz\u00e4hlen Geschichten, die spannend und unterhaltsam sind. Sie entdecken Menschen und Kulturen, Unbekanntes und f\u00fchren hinter das Offensichtliche.","publisher":{"@id":"https:\/\/schmidt-film.com\/en\/#organization"},"potentialAction":[{"@type":"SearchAction","target":{"@type":"EntryPoint","urlTemplate":"https:\/\/schmidt-film.com\/en\/?s={search_term_string}"},"query-input":{"@type":"PropertyValueSpecification","valueRequired":true,"valueName":"search_term_string"}}],"inLanguage":"en-US"},{"@type":"Organization","@id":"https:\/\/schmidt-film.com\/en\/#organization","name":"Schmidtfilm. Film- und Fernsehproduktion","url":"https:\/\/schmidt-film.com\/en\/","logo":{"@type":"ImageObject","inLanguage":"en-US","@id":"https:\/\/schmidt-film.com\/en\/#\/schema\/logo\/image\/","url":"https:\/\/schmidt-film.com\/wp-content\/uploads\/2024\/02\/AS_Logo_schwarz.jpg","contentUrl":"https:\/\/schmidt-film.com\/wp-content\/uploads\/2024\/02\/AS_Logo_schwarz.jpg","width":144,"height":58,"caption":"Schmidtfilm. Film- und Fernsehproduktion"},"image":{"@id":"https:\/\/schmidt-film.com\/en\/#\/schema\/logo\/image\/"}}]}},"_links":{"self":[{"href":"https:\/\/schmidt-film.com\/en\/wp-json\/wp\/v2\/pages\/1239","targetHints":{"allow":["GET"]}}],"collection":[{"href":"https:\/\/schmidt-film.com\/en\/wp-json\/wp\/v2\/pages"}],"about":[{"href":"https:\/\/schmidt-film.com\/en\/wp-json\/wp\/v2\/types\/page"}],"author":[{"embeddable":true,"href":"https:\/\/schmidt-film.com\/en\/wp-json\/wp\/v2\/users\/1"}],"replies":[{"embeddable":true,"href":"https:\/\/schmidt-film.com\/en\/wp-json\/wp\/v2\/comments?post=1239"}],"version-history":[{"count":0,"href":"https:\/\/schmidt-film.com\/en\/wp-json\/wp\/v2\/pages\/1239\/revisions"}],"wp:attachment":[{"href":"https:\/\/schmidt-film.com\/en\/wp-json\/wp\/v2\/media?parent=1239"}],"curies":[{"name":"wp","href":"https:\/\/api.w.org\/{rel}","templated":true}]}}