{"id":1290,"date":"2024-03-04T07:31:56","date_gmt":"2024-03-04T06:31:56","guid":{"rendered":"https:\/\/schmidt-film.com\/directiva-sobre-cookies-ue\/"},"modified":"2025-03-30T20:32:52","modified_gmt":"2025-03-30T18:32:52","slug":"directiva-sobre-cookies-ue","status":"publish","type":"page","link":"https:\/\/schmidt-film.com\/es\/directiva-sobre-cookies-ue\/","title":{"rendered":"Directiva sobre cookies (UE)"},"content":{"rendered":"","protected":false},"excerpt":{"rendered":"","protected":false},"author":1,"featured_media":0,"parent":0,"menu_order":0,"comment_status":"closed","ping_status":"closed","template":"","meta":{"inline_featured_image":false,"footnotes":""},"class_list":["post-1290","page","type-page","status-publish"],"yoast_head":"<!-- This site is optimized with the Yoast SEO plugin v27.5 - https:\/\/yoast.com\/product\/yoast-seo-wordpress\/ -->\n<title>Directiva sobre cookies (UE) - Anna Schmidt. schmidtFilm. Film- und Fernsehproduktion<\/title>\n<meta name=\"robots\" content=\"index, follow, max-snippet:-1, max-image-preview:large, max-video-preview:-1\" \/>\n<link rel=\"canonical\" href=\"https:\/\/schmidt-film.com\/es\/directiva-sobre-cookies-ue\/\" \/>\n<meta property=\"og:locale\" content=\"es_ES\" \/>\n<meta property=\"og:type\" content=\"article\" \/>\n<meta property=\"og:title\" content=\"Directiva sobre cookies (UE) - Anna Schmidt. schmidtFilm. Film- und Fernsehproduktion\" \/>\n<meta property=\"og:url\" content=\"https:\/\/schmidt-film.com\/es\/directiva-sobre-cookies-ue\/\" \/>\n<meta property=\"og:site_name\" content=\"Anna Schmidt. schmidtFilm. Film- und Fernsehproduktion\" \/>\n<meta property=\"article:modified_time\" content=\"2025-03-30T18:32:52+00:00\" \/>\n<meta name=\"twitter:card\" content=\"summary_large_image\" \/>\n<script type=\"application\/ld+json\" class=\"yoast-schema-graph\">{\"@context\":\"https:\\\/\\\/schema.org\",\"@graph\":[{\"@type\":\"WebPage\",\"@id\":\"https:\\\/\\\/schmidt-film.com\\\/es\\\/directiva-sobre-cookies-ue\\\/\",\"url\":\"https:\\\/\\\/schmidt-film.com\\\/es\\\/directiva-sobre-cookies-ue\\\/\",\"name\":\"Directiva sobre cookies (UE) - Anna Schmidt. schmidtFilm. Film- und Fernsehproduktion\",\"isPartOf\":{\"@id\":\"https:\\\/\\\/schmidt-film.com\\\/es\\\/#website\"},\"datePublished\":\"2024-03-04T06:31:56+00:00\",\"dateModified\":\"2025-03-30T18:32:52+00:00\",\"breadcrumb\":{\"@id\":\"https:\\\/\\\/schmidt-film.com\\\/es\\\/directiva-sobre-cookies-ue\\\/#breadcrumb\"},\"inLanguage\":\"es\",\"potentialAction\":[{\"@type\":\"ReadAction\",\"target\":[\"https:\\\/\\\/schmidt-film.com\\\/es\\\/directiva-sobre-cookies-ue\\\/\"]}]},{\"@type\":\"BreadcrumbList\",\"@id\":\"https:\\\/\\\/schmidt-film.com\\\/es\\\/directiva-sobre-cookies-ue\\\/#breadcrumb\",\"itemListElement\":[{\"@type\":\"ListItem\",\"position\":1,\"name\":\"Startseite\",\"item\":\"https:\\\/\\\/schmidt-film.com\\\/es\\\/produccion-de-cine-y-television\\\/\"},{\"@type\":\"ListItem\",\"position\":2,\"name\":\"Directiva sobre cookies (UE)\"}]},{\"@type\":\"WebSite\",\"@id\":\"https:\\\/\\\/schmidt-film.com\\\/es\\\/#website\",\"url\":\"https:\\\/\\\/schmidt-film.com\\\/es\\\/\",\"name\":\"Schmidtfilm. Film- und Fernsehproduktion\",\"description\":\"Wir entwickeln und produzieren Dokumentarfilme, Reportagen, Image- und Kunstfilme. Spannend, bildstark und international. Seit fast 20 Jahren steht schmidtFilm f\u00fcr kluge Unterhaltung. Unsere Filme erz\u00e4hlen Geschichten, die spannend und unterhaltsam sind. Sie entdecken Menschen und Kulturen, Unbekanntes und f\u00fchren hinter das Offensichtliche.\",\"publisher\":{\"@id\":\"https:\\\/\\\/schmidt-film.com\\\/es\\\/#organization\"},\"potentialAction\":[{\"@type\":\"SearchAction\",\"target\":{\"@type\":\"EntryPoint\",\"urlTemplate\":\"https:\\\/\\\/schmidt-film.com\\\/es\\\/?s={search_term_string}\"},\"query-input\":{\"@type\":\"PropertyValueSpecification\",\"valueRequired\":true,\"valueName\":\"search_term_string\"}}],\"inLanguage\":\"es\"},{\"@type\":\"Organization\",\"@id\":\"https:\\\/\\\/schmidt-film.com\\\/es\\\/#organization\",\"name\":\"Schmidtfilm. Film- und Fernsehproduktion\",\"url\":\"https:\\\/\\\/schmidt-film.com\\\/es\\\/\",\"logo\":{\"@type\":\"ImageObject\",\"inLanguage\":\"es\",\"@id\":\"https:\\\/\\\/schmidt-film.com\\\/es\\\/#\\\/schema\\\/logo\\\/image\\\/\",\"url\":\"https:\\\/\\\/schmidt-film.com\\\/wp-content\\\/uploads\\\/2024\\\/02\\\/AS_Logo_schwarz.jpg\",\"contentUrl\":\"https:\\\/\\\/schmidt-film.com\\\/wp-content\\\/uploads\\\/2024\\\/02\\\/AS_Logo_schwarz.jpg\",\"width\":144,\"height\":58,\"caption\":\"Schmidtfilm. Film- und Fernsehproduktion\"},\"image\":{\"@id\":\"https:\\\/\\\/schmidt-film.com\\\/es\\\/#\\\/schema\\\/logo\\\/image\\\/\"}}]}<\/script>\n<!-- \/ Yoast SEO plugin. -->","yoast_head_json":{"title":"Directiva sobre cookies (UE) - Anna Schmidt. schmidtFilm. Film- und Fernsehproduktion","robots":{"index":"index","follow":"follow","max-snippet":"max-snippet:-1","max-image-preview":"max-image-preview:large","max-video-preview":"max-video-preview:-1"},"canonical":"https:\/\/schmidt-film.com\/es\/directiva-sobre-cookies-ue\/","og_locale":"es_ES","og_type":"article","og_title":"Directiva sobre cookies (UE) - Anna Schmidt. schmidtFilm. Film- und Fernsehproduktion","og_url":"https:\/\/schmidt-film.com\/es\/directiva-sobre-cookies-ue\/","og_site_name":"Anna Schmidt. schmidtFilm. Film- und Fernsehproduktion","article_modified_time":"2025-03-30T18:32:52+00:00","twitter_card":"summary_large_image","schema":{"@context":"https:\/\/schema.org","@graph":[{"@type":"WebPage","@id":"https:\/\/schmidt-film.com\/es\/directiva-sobre-cookies-ue\/","url":"https:\/\/schmidt-film.com\/es\/directiva-sobre-cookies-ue\/","name":"Directiva sobre cookies (UE) - Anna Schmidt. schmidtFilm. Film- und Fernsehproduktion","isPartOf":{"@id":"https:\/\/schmidt-film.com\/es\/#website"},"datePublished":"2024-03-04T06:31:56+00:00","dateModified":"2025-03-30T18:32:52+00:00","breadcrumb":{"@id":"https:\/\/schmidt-film.com\/es\/directiva-sobre-cookies-ue\/#breadcrumb"},"inLanguage":"es","potentialAction":[{"@type":"ReadAction","target":["https:\/\/schmidt-film.com\/es\/directiva-sobre-cookies-ue\/"]}]},{"@type":"BreadcrumbList","@id":"https:\/\/schmidt-film.com\/es\/directiva-sobre-cookies-ue\/#breadcrumb","itemListElement":[{"@type":"ListItem","position":1,"name":"Startseite","item":"https:\/\/schmidt-film.com\/es\/produccion-de-cine-y-television\/"},{"@type":"ListItem","position":2,"name":"Directiva sobre cookies (UE)"}]},{"@type":"WebSite","@id":"https:\/\/schmidt-film.com\/es\/#website","url":"https:\/\/schmidt-film.com\/es\/","name":"Schmidtfilm. Film- und Fernsehproduktion","description":"Wir entwickeln und produzieren Dokumentarfilme, Reportagen, Image- und Kunstfilme. Spannend, bildstark und international. Seit fast 20 Jahren steht schmidtFilm f\u00fcr kluge Unterhaltung. Unsere Filme erz\u00e4hlen Geschichten, die spannend und unterhaltsam sind. Sie entdecken Menschen und Kulturen, Unbekanntes und f\u00fchren hinter das Offensichtliche.","publisher":{"@id":"https:\/\/schmidt-film.com\/es\/#organization"},"potentialAction":[{"@type":"SearchAction","target":{"@type":"EntryPoint","urlTemplate":"https:\/\/schmidt-film.com\/es\/?s={search_term_string}"},"query-input":{"@type":"PropertyValueSpecification","valueRequired":true,"valueName":"search_term_string"}}],"inLanguage":"es"},{"@type":"Organization","@id":"https:\/\/schmidt-film.com\/es\/#organization","name":"Schmidtfilm. Film- und Fernsehproduktion","url":"https:\/\/schmidt-film.com\/es\/","logo":{"@type":"ImageObject","inLanguage":"es","@id":"https:\/\/schmidt-film.com\/es\/#\/schema\/logo\/image\/","url":"https:\/\/schmidt-film.com\/wp-content\/uploads\/2024\/02\/AS_Logo_schwarz.jpg","contentUrl":"https:\/\/schmidt-film.com\/wp-content\/uploads\/2024\/02\/AS_Logo_schwarz.jpg","width":144,"height":58,"caption":"Schmidtfilm. Film- und Fernsehproduktion"},"image":{"@id":"https:\/\/schmidt-film.com\/es\/#\/schema\/logo\/image\/"}}]}},"_links":{"self":[{"href":"https:\/\/schmidt-film.com\/es\/wp-json\/wp\/v2\/pages\/1290","targetHints":{"allow":["GET"]}}],"collection":[{"href":"https:\/\/schmidt-film.com\/es\/wp-json\/wp\/v2\/pages"}],"about":[{"href":"https:\/\/schmidt-film.com\/es\/wp-json\/wp\/v2\/types\/page"}],"author":[{"embeddable":true,"href":"https:\/\/schmidt-film.com\/es\/wp-json\/wp\/v2\/users\/1"}],"replies":[{"embeddable":true,"href":"https:\/\/schmidt-film.com\/es\/wp-json\/wp\/v2\/comments?post=1290"}],"version-history":[{"count":0,"href":"https:\/\/schmidt-film.com\/es\/wp-json\/wp\/v2\/pages\/1290\/revisions"}],"wp:attachment":[{"href":"https:\/\/schmidt-film.com\/es\/wp-json\/wp\/v2\/media?parent=1290"}],"curies":[{"name":"wp","href":"https:\/\/api.w.org\/{rel}","templated":true}]}}