{"id":1357,"date":"2024-03-04T07:16:06","date_gmt":"2024-03-04T06:16:06","guid":{"rendered":"https:\/\/schmidt-film.com\/mentions-legales\/"},"modified":"2025-04-25T05:21:20","modified_gmt":"2025-04-25T03:21:20","slug":"mentions-legales","status":"publish","type":"page","link":"https:\/\/schmidt-film.com\/fr\/mentions-legales\/","title":{"rendered":"Mentions l\u00e9gales"},"content":{"rendered":"[vc_row type=\u00a0\u00bbfull_width_content\u00a0\u00bb full_screen_row_position=\u00a0\u00bbmiddle\u00a0\u00bb column_margin=\u00a0\u00bbnone\u00a0\u00bb column_direction=\u00a0\u00bbdefault\u00a0\u00bb column_direction_tablet=\u00a0\u00bbdefault\u00a0\u00bb column_direction_phone=\u00a0\u00bbdefault\u00a0\u00bb bg_color=\u00a0\u00bb#000000&Prime; scene_position=\u00a0\u00bbcenter\u00a0\u00bb top_padding=\u00a0\u00bb0&Prime; bottom_padding=\u00a0\u00bb5%\u00a0\u00bb left_padding_desktop=\u00a0\u00bb7%\u00a0\u00bb constrain_group_2=\u00a0\u00bbyes\u00a0\u00bb right_padding_desktop=\u00a0\u00bb7%\u00a0\u00bb top_padding_tablet=\u00a0\u00bb6%\u00a0\u00bb constrain_group_3=\u00a0\u00bbyes\u00a0\u00bb bottom_padding_tablet=\u00a0\u00bb6%\u00a0\u00bb left_padding_tablet=\u00a0\u00bb5%\u00a0\u00bb constrain_group_4=\u00a0\u00bbyes\u00a0\u00bb right_padding_tablet=\u00a0\u00bb5%\u00a0\u00bb top_padding_phone=\u00a0\u00bb6%\u00a0\u00bb constrain_group_5=\u00a0\u00bbyes\u00a0\u00bb bottom_padding_phone=\u00a0\u00bb6%\u00a0\u00bb left_padding_phone=\u00a0\u00bb5%\u00a0\u00bb constrain_group_6=\u00a0\u00bbyes\u00a0\u00bb right_padding_phone=\u00a0\u00bb5%\u00a0\u00bb top_margin=\u00a0\u00bb0&Prime; constrain_group_7=\u00a0\u00bbyes\u00a0\u00bb bottom_margin=\u00a0\u00bb0&Prime; text_color=\u00a0\u00bblight\u00a0\u00bb text_align=\u00a0\u00bbleft\u00a0\u00bb row_border_radius=\u00a0\u00bbnone\u00a0\u00bb row_border_radius_applies=\u00a0\u00bbbg\u00a0\u00bb overflow=\u00a0\u00bbvisible\u00a0\u00bb overlay_strength=\u00a0\u00bb0.3&Prime; gradient_direction=\u00a0\u00bbleft_to_right\u00a0\u00bb shape_divider_position=\u00a0\u00bbbottom\u00a0\u00bb bg_image_animation=\u00a0\u00bbnone\u00a0\u00bb gradient_type=\u00a0\u00bbdefault\u00a0\u00bb shape_type=\u00a0\u00bb\u00a0\u00bb][vc_column column_padding=\u00a0\u00bbpadding-1-percent\u00a0\u00bb column_padding_tablet=\u00a0\u00bbpadding-2-percent\u00a0\u00bb column_padding_phone=\u00a0\u00bbno-extra-padding\u00a0\u00bb column_padding_position=\u00a0\u00bball\u00a0\u00bb top_margin=\u00a0\u00bb0&Prime; constrain_group_1=\u00a0\u00bbyes\u00a0\u00bb bottom_margin=\u00a0\u00bb0&Prime; column_element_direction_desktop=\u00a0\u00bbdefault\u00a0\u00bb column_element_spacing=\u00a0\u00bbdefault\u00a0\u00bb desktop_text_alignment=\u00a0\u00bbdefault\u00a0\u00bb tablet_text_alignment=\u00a0\u00bbdefault\u00a0\u00bb phone_text_alignment=\u00a0\u00bbdefault\u00a0\u00bb background_color_opacity=\u00a0\u00bb1&Prime; background_hover_color_opacity=\u00a0\u00bb1&Prime; column_backdrop_filter=\u00a0\u00bbnone\u00a0\u00bb font_color=\u00a0\u00bb#ffffff\u00a0\u00bb column_shadow=\u00a0\u00bbnone\u00a0\u00bb column_border_radius=\u00a0\u00bbnone\u00a0\u00bb column_link_target=\u00a0\u00bb_self\u00a0\u00bb column_position=\u00a0\u00bbdefault\u00a0\u00bb gradient_direction=\u00a0\u00bbleft_to_right\u00a0\u00bb overlay_strength=\u00a0\u00bb0.3&Prime; width=\u00a0\u00bb1\/1&Prime; tablet_width_inherit=\u00a0\u00bbdefault\u00a0\u00bb animation_type=\u00a0\u00bbdefault\u00a0\u00bb bg_image_animation=\u00a0\u00bbnone\u00a0\u00bb border_type=\u00a0\u00bbsimple\u00a0\u00bb column_border_width=\u00a0\u00bbnone\u00a0\u00bb column_border_style=\u00a0\u00bbsolid\u00a0\u00bb column_padding_type=\u00a0\u00bbdefault\u00a0\u00bb gradient_type=\u00a0\u00bbdefault\u00a0\u00bb][split_line_heading animation_type=\u00a0\u00bbline-reveal-by-space\u00a0\u00bb font_style=\u00a0\u00bbh1&Prime; text_color=\u00a0\u00bb#e72e32&Prime; line_reveal_by_space_text_effect=\u00a0\u00bbdefault\u00a0\u00bb content_alignment=\u00a0\u00bbdefault\u00a0\u00bb mobile_content_alignment=\u00a0\u00bbinherit\u00a0\u00bb link_target=\u00a0\u00bb_self\u00a0\u00bb text_direction=\u00a0\u00bbdefault\u00a0\u00bb text_content=\u00a0\u00bbMentions l\u00e9gales\u00a0\u00bb font_size=\u00a0\u00bb4vw\u00a0\u00bb font_size_tablet=\u00a0\u00bb6vw\u00a0\u00bb font_size_phone=\u00a0\u00bb8vw\u00a0\u00bb font_line_height=\u00a0\u00bb1.3em\u00a0\u00bb][\/split_line_heading][vc_column_text text_direction=\u00a0\u00bbdefault\u00a0\u00bb]\n<h3>Op\u00e9rateur de ce site web<\/h3>\n<p>schmidtFilm<br \/>\nAnna Schmidt<br \/>\n7, rue de la filature<br \/>\n04179 Leipzig<\/p>\n<p>T\u00e9l : +49 341 99 39 057<br \/>\nFax : +49 341 99 39 058<br \/>\nMobile : +49 177 310 49 08<br \/>\nannaneuhaus@schmidt-film.com<\/p>\n<p>schmidt-film.com<\/p>\n<p>N\u00b0 d&rsquo;imp\u00f4t : 231\/269\/03847<br \/>\nAdministration fiscale de Leipzig II[\/vc_column_text][nectar_cta btn_style=\u00a0\u00bbarrow-animation\u00a0\u00bb heading_tag=\u00a0\u00bbspan\u00a0\u00bb button_color=\u00a0\u00bbdefault\u00a0\u00bb text_color=\u00a0\u00bb#ffffff\u00a0\u00bb text_color_hover=\u00a0\u00bb#e72e32&Prime; button_border_color=\u00a0\u00bb#ffffff\u00a0\u00bb button_border_color_hover=\u00a0\u00bb#e72e32&Prime; button_border_thickness=\u00a0\u00bb0px\u00a0\u00bb link_type=\u00a0\u00bbregular\u00a0\u00bb alignment=\u00a0\u00bbleft\u00a0\u00bb alignment_tablet=\u00a0\u00bbdefault\u00a0\u00bb alignment_phone=\u00a0\u00bbdefault\u00a0\u00bb display=\u00a0\u00bbblock\u00a0\u00bb display_tablet=\u00a0\u00bbinherit\u00a0\u00bb display_phone=\u00a0\u00bbinherit\u00a0\u00bb link_text=\u00a0\u00bbSite web : michael-stumm.com\u00a0\u00bb url=\u00a0\u00bbhttps:\/\/michael-stumm.com\u00a0\u00bb margin_top=\u00a0\u00bb30px\u00a0\u00bb][\/vc_column][\/vc_row]\n","protected":false},"excerpt":{"rendered":"<p>[vc_row type=\u00a0\u00bbfull_width_content\u00a0\u00bb full_screen_row_position=\u00a0\u00bbmiddle\u00a0\u00bb column_margin=\u00a0\u00bbnone\u00a0\u00bb column_direction=\u00a0\u00bbdefault\u00a0\u00bb column_direction_tablet=\u00a0\u00bbdefault\u00a0\u00bb column_direction_phone=\u00a0\u00bbdefault\u00a0\u00bb bg_color=\u00a0\u00bb#000000&Prime; scene_position=\u00a0\u00bbcenter\u00a0\u00bb top_padding=\u00a0\u00bb0&Prime; bottom_padding=\u00a0\u00bb5%\u00a0\u00bb left_padding_desktop=\u00a0\u00bb7%\u00a0\u00bb constrain_group_2=\u00a0\u00bbyes\u00a0\u00bb right_padding_desktop=\u00a0\u00bb7%\u00a0\u00bb top_padding_tablet=\u00a0\u00bb6%\u00a0\u00bb constrain_group_3=\u00a0\u00bbyes\u00a0\u00bb bottom_padding_tablet=\u00a0\u00bb6%\u00a0\u00bb left_padding_tablet=\u00a0\u00bb5%\u00a0\u00bb constrain_group_4=\u00a0\u00bbyes\u00a0\u00bb right_padding_tablet=\u00a0\u00bb5%\u00a0\u00bb top_padding_phone=\u00a0\u00bb6%\u00a0\u00bb constrain_group_5=\u00a0\u00bbyes\u00a0\u00bb bottom_padding_phone=\u00a0\u00bb6%\u00a0\u00bb left_padding_phone=\u00a0\u00bb5%\u00a0\u00bb constrain_group_6=\u00a0\u00bbyes\u00a0\u00bb right_padding_phone=\u00a0\u00bb5%\u00a0\u00bb top_margin=\u00a0\u00bb0&Prime; constrain_group_7=\u00a0\u00bbyes\u00a0\u00bb bottom_margin=\u00a0\u00bb0&Prime; text_color=\u00a0\u00bblight\u00a0\u00bb&#8230;<\/p>\n","protected":false},"author":1,"featured_media":0,"parent":0,"menu_order":0,"comment_status":"closed","ping_status":"closed","template":"","meta":{"inline_featured_image":false,"footnotes":""},"class_list":["post-1357","page","type-page","status-publish"],"yoast_head":"<!-- This site is optimized with the Yoast SEO plugin v27.3 - https:\/\/yoast.com\/product\/yoast-seo-wordpress\/ -->\n<title>Mentions l\u00e9gales - Anna Schmidt. schmidtFilm. Film- und Fernsehproduktion<\/title>\n<meta name=\"robots\" content=\"noindex, follow\" \/>\n<meta property=\"og:locale\" content=\"fr_FR\" \/>\n<meta property=\"og:type\" content=\"article\" \/>\n<meta property=\"og:title\" content=\"Mentions l\u00e9gales - Anna Schmidt. schmidtFilm. Film- und Fernsehproduktion\" \/>\n<meta property=\"og:description\" content=\"[vc_row type=\u00a0\u00bbfull_width_content\u00a0\u00bb full_screen_row_position=\u00a0\u00bbmiddle\u00a0\u00bb column_margin=\u00a0\u00bbnone\u00a0\u00bb column_direction=\u00a0\u00bbdefault\u00a0\u00bb column_direction_tablet=\u00a0\u00bbdefault\u00a0\u00bb column_direction_phone=\u00a0\u00bbdefault\u00a0\u00bb bg_color=\u00a0\u00bb#000000&Prime; scene_position=\u00a0\u00bbcenter\u00a0\u00bb top_padding=\u00a0\u00bb0&Prime; bottom_padding=\u00a0\u00bb5%\u00a0\u00bb left_padding_desktop=\u00a0\u00bb7%\u00a0\u00bb constrain_group_2=\u00a0\u00bbyes\u00a0\u00bb right_padding_desktop=\u00a0\u00bb7%\u00a0\u00bb top_padding_tablet=\u00a0\u00bb6%\u00a0\u00bb constrain_group_3=\u00a0\u00bbyes\u00a0\u00bb bottom_padding_tablet=\u00a0\u00bb6%\u00a0\u00bb left_padding_tablet=\u00a0\u00bb5%\u00a0\u00bb constrain_group_4=\u00a0\u00bbyes\u00a0\u00bb right_padding_tablet=\u00a0\u00bb5%\u00a0\u00bb top_padding_phone=\u00a0\u00bb6%\u00a0\u00bb constrain_group_5=\u00a0\u00bbyes\u00a0\u00bb bottom_padding_phone=\u00a0\u00bb6%\u00a0\u00bb left_padding_phone=\u00a0\u00bb5%\u00a0\u00bb constrain_group_6=\u00a0\u00bbyes\u00a0\u00bb right_padding_phone=\u00a0\u00bb5%\u00a0\u00bb top_margin=\u00a0\u00bb0&Prime; constrain_group_7=\u00a0\u00bbyes\u00a0\u00bb bottom_margin=\u00a0\u00bb0&Prime; text_color=\u00a0\u00bblight\u00a0\u00bb...\" \/>\n<meta property=\"og:url\" content=\"https:\/\/schmidt-film.com\/fr\/mentions-legales\/\" \/>\n<meta property=\"og:site_name\" content=\"Anna Schmidt. schmidtFilm. Film- und Fernsehproduktion\" \/>\n<meta property=\"article:modified_time\" content=\"2025-04-25T03:21:20+00:00\" \/>\n<meta name=\"twitter:card\" content=\"summary_large_image\" \/>\n<meta name=\"twitter:label1\" content=\"Dur\u00e9e de lecture estim\u00e9e\" \/>\n\t<meta name=\"twitter:data1\" content=\"2 minutes\" \/>\n<script type=\"application\/ld+json\" class=\"yoast-schema-graph\">{\"@context\":\"https:\\\/\\\/schema.org\",\"@graph\":[{\"@type\":\"WebPage\",\"@id\":\"https:\\\/\\\/schmidt-film.com\\\/fr\\\/mentions-legales\\\/\",\"url\":\"https:\\\/\\\/schmidt-film.com\\\/fr\\\/mentions-legales\\\/\",\"name\":\"Mentions l\u00e9gales - Anna Schmidt. schmidtFilm. Film- und Fernsehproduktion\",\"isPartOf\":{\"@id\":\"https:\\\/\\\/schmidt-film.com\\\/fr\\\/#website\"},\"datePublished\":\"2024-03-04T06:16:06+00:00\",\"dateModified\":\"2025-04-25T03:21:20+00:00\",\"breadcrumb\":{\"@id\":\"https:\\\/\\\/schmidt-film.com\\\/fr\\\/mentions-legales\\\/#breadcrumb\"},\"inLanguage\":\"fr-FR\",\"potentialAction\":[{\"@type\":\"ReadAction\",\"target\":[\"https:\\\/\\\/schmidt-film.com\\\/fr\\\/mentions-legales\\\/\"]}]},{\"@type\":\"BreadcrumbList\",\"@id\":\"https:\\\/\\\/schmidt-film.com\\\/fr\\\/mentions-legales\\\/#breadcrumb\",\"itemListElement\":[{\"@type\":\"ListItem\",\"position\":1,\"name\":\"Startseite\",\"item\":\"https:\\\/\\\/schmidt-film.com\\\/fr\\\/production-cinematographique-et-televisuelle\\\/\"},{\"@type\":\"ListItem\",\"position\":2,\"name\":\"Mentions l\u00e9gales\"}]},{\"@type\":\"WebSite\",\"@id\":\"https:\\\/\\\/schmidt-film.com\\\/fr\\\/#website\",\"url\":\"https:\\\/\\\/schmidt-film.com\\\/fr\\\/\",\"name\":\"Schmidtfilm. Film- und Fernsehproduktion\",\"description\":\"Wir entwickeln und produzieren Dokumentarfilme, Reportagen, Image- und Kunstfilme. Spannend, bildstark und international. Seit fast 20 Jahren steht schmidtFilm f\u00fcr kluge Unterhaltung. Unsere Filme erz\u00e4hlen Geschichten, die spannend und unterhaltsam sind. Sie entdecken Menschen und Kulturen, Unbekanntes und f\u00fchren hinter das Offensichtliche.\",\"publisher\":{\"@id\":\"https:\\\/\\\/schmidt-film.com\\\/fr\\\/#organization\"},\"potentialAction\":[{\"@type\":\"SearchAction\",\"target\":{\"@type\":\"EntryPoint\",\"urlTemplate\":\"https:\\\/\\\/schmidt-film.com\\\/fr\\\/?s={search_term_string}\"},\"query-input\":{\"@type\":\"PropertyValueSpecification\",\"valueRequired\":true,\"valueName\":\"search_term_string\"}}],\"inLanguage\":\"fr-FR\"},{\"@type\":\"Organization\",\"@id\":\"https:\\\/\\\/schmidt-film.com\\\/fr\\\/#organization\",\"name\":\"Schmidtfilm. Film- und Fernsehproduktion\",\"url\":\"https:\\\/\\\/schmidt-film.com\\\/fr\\\/\",\"logo\":{\"@type\":\"ImageObject\",\"inLanguage\":\"fr-FR\",\"@id\":\"https:\\\/\\\/schmidt-film.com\\\/fr\\\/#\\\/schema\\\/logo\\\/image\\\/\",\"url\":\"https:\\\/\\\/schmidt-film.com\\\/wp-content\\\/uploads\\\/2024\\\/02\\\/AS_Logo_schwarz.jpg\",\"contentUrl\":\"https:\\\/\\\/schmidt-film.com\\\/wp-content\\\/uploads\\\/2024\\\/02\\\/AS_Logo_schwarz.jpg\",\"width\":144,\"height\":58,\"caption\":\"Schmidtfilm. Film- und Fernsehproduktion\"},\"image\":{\"@id\":\"https:\\\/\\\/schmidt-film.com\\\/fr\\\/#\\\/schema\\\/logo\\\/image\\\/\"}}]}<\/script>\n<!-- \/ Yoast SEO plugin. -->","yoast_head_json":{"title":"Mentions l\u00e9gales - Anna Schmidt. schmidtFilm. Film- und Fernsehproduktion","robots":{"index":"noindex","follow":"follow"},"og_locale":"fr_FR","og_type":"article","og_title":"Mentions l\u00e9gales - Anna Schmidt. schmidtFilm. Film- und Fernsehproduktion","og_description":"[vc_row type=\u00a0\u00bbfull_width_content\u00a0\u00bb full_screen_row_position=\u00a0\u00bbmiddle\u00a0\u00bb column_margin=\u00a0\u00bbnone\u00a0\u00bb column_direction=\u00a0\u00bbdefault\u00a0\u00bb column_direction_tablet=\u00a0\u00bbdefault\u00a0\u00bb column_direction_phone=\u00a0\u00bbdefault\u00a0\u00bb bg_color=\u00a0\u00bb#000000&Prime; scene_position=\u00a0\u00bbcenter\u00a0\u00bb top_padding=\u00a0\u00bb0&Prime; bottom_padding=\u00a0\u00bb5%\u00a0\u00bb left_padding_desktop=\u00a0\u00bb7%\u00a0\u00bb constrain_group_2=\u00a0\u00bbyes\u00a0\u00bb right_padding_desktop=\u00a0\u00bb7%\u00a0\u00bb top_padding_tablet=\u00a0\u00bb6%\u00a0\u00bb constrain_group_3=\u00a0\u00bbyes\u00a0\u00bb bottom_padding_tablet=\u00a0\u00bb6%\u00a0\u00bb left_padding_tablet=\u00a0\u00bb5%\u00a0\u00bb constrain_group_4=\u00a0\u00bbyes\u00a0\u00bb right_padding_tablet=\u00a0\u00bb5%\u00a0\u00bb top_padding_phone=\u00a0\u00bb6%\u00a0\u00bb constrain_group_5=\u00a0\u00bbyes\u00a0\u00bb bottom_padding_phone=\u00a0\u00bb6%\u00a0\u00bb left_padding_phone=\u00a0\u00bb5%\u00a0\u00bb constrain_group_6=\u00a0\u00bbyes\u00a0\u00bb right_padding_phone=\u00a0\u00bb5%\u00a0\u00bb top_margin=\u00a0\u00bb0&Prime; constrain_group_7=\u00a0\u00bbyes\u00a0\u00bb bottom_margin=\u00a0\u00bb0&Prime; text_color=\u00a0\u00bblight\u00a0\u00bb...","og_url":"https:\/\/schmidt-film.com\/fr\/mentions-legales\/","og_site_name":"Anna Schmidt. schmidtFilm. Film- und Fernsehproduktion","article_modified_time":"2025-04-25T03:21:20+00:00","twitter_card":"summary_large_image","twitter_misc":{"Dur\u00e9e de lecture estim\u00e9e":"2 minutes"},"schema":{"@context":"https:\/\/schema.org","@graph":[{"@type":"WebPage","@id":"https:\/\/schmidt-film.com\/fr\/mentions-legales\/","url":"https:\/\/schmidt-film.com\/fr\/mentions-legales\/","name":"Mentions l\u00e9gales - Anna Schmidt. schmidtFilm. Film- und Fernsehproduktion","isPartOf":{"@id":"https:\/\/schmidt-film.com\/fr\/#website"},"datePublished":"2024-03-04T06:16:06+00:00","dateModified":"2025-04-25T03:21:20+00:00","breadcrumb":{"@id":"https:\/\/schmidt-film.com\/fr\/mentions-legales\/#breadcrumb"},"inLanguage":"fr-FR","potentialAction":[{"@type":"ReadAction","target":["https:\/\/schmidt-film.com\/fr\/mentions-legales\/"]}]},{"@type":"BreadcrumbList","@id":"https:\/\/schmidt-film.com\/fr\/mentions-legales\/#breadcrumb","itemListElement":[{"@type":"ListItem","position":1,"name":"Startseite","item":"https:\/\/schmidt-film.com\/fr\/production-cinematographique-et-televisuelle\/"},{"@type":"ListItem","position":2,"name":"Mentions l\u00e9gales"}]},{"@type":"WebSite","@id":"https:\/\/schmidt-film.com\/fr\/#website","url":"https:\/\/schmidt-film.com\/fr\/","name":"Schmidtfilm. Film- und Fernsehproduktion","description":"Wir entwickeln und produzieren Dokumentarfilme, Reportagen, Image- und Kunstfilme. Spannend, bildstark und international. Seit fast 20 Jahren steht schmidtFilm f\u00fcr kluge Unterhaltung. Unsere Filme erz\u00e4hlen Geschichten, die spannend und unterhaltsam sind. Sie entdecken Menschen und Kulturen, Unbekanntes und f\u00fchren hinter das Offensichtliche.","publisher":{"@id":"https:\/\/schmidt-film.com\/fr\/#organization"},"potentialAction":[{"@type":"SearchAction","target":{"@type":"EntryPoint","urlTemplate":"https:\/\/schmidt-film.com\/fr\/?s={search_term_string}"},"query-input":{"@type":"PropertyValueSpecification","valueRequired":true,"valueName":"search_term_string"}}],"inLanguage":"fr-FR"},{"@type":"Organization","@id":"https:\/\/schmidt-film.com\/fr\/#organization","name":"Schmidtfilm. Film- und Fernsehproduktion","url":"https:\/\/schmidt-film.com\/fr\/","logo":{"@type":"ImageObject","inLanguage":"fr-FR","@id":"https:\/\/schmidt-film.com\/fr\/#\/schema\/logo\/image\/","url":"https:\/\/schmidt-film.com\/wp-content\/uploads\/2024\/02\/AS_Logo_schwarz.jpg","contentUrl":"https:\/\/schmidt-film.com\/wp-content\/uploads\/2024\/02\/AS_Logo_schwarz.jpg","width":144,"height":58,"caption":"Schmidtfilm. Film- und Fernsehproduktion"},"image":{"@id":"https:\/\/schmidt-film.com\/fr\/#\/schema\/logo\/image\/"}}]}},"_links":{"self":[{"href":"https:\/\/schmidt-film.com\/fr\/wp-json\/wp\/v2\/pages\/1357","targetHints":{"allow":["GET"]}}],"collection":[{"href":"https:\/\/schmidt-film.com\/fr\/wp-json\/wp\/v2\/pages"}],"about":[{"href":"https:\/\/schmidt-film.com\/fr\/wp-json\/wp\/v2\/types\/page"}],"author":[{"embeddable":true,"href":"https:\/\/schmidt-film.com\/fr\/wp-json\/wp\/v2\/users\/1"}],"replies":[{"embeddable":true,"href":"https:\/\/schmidt-film.com\/fr\/wp-json\/wp\/v2\/comments?post=1357"}],"version-history":[{"count":2,"href":"https:\/\/schmidt-film.com\/fr\/wp-json\/wp\/v2\/pages\/1357\/revisions"}],"predecessor-version":[{"id":2180,"href":"https:\/\/schmidt-film.com\/fr\/wp-json\/wp\/v2\/pages\/1357\/revisions\/2180"}],"wp:attachment":[{"href":"https:\/\/schmidt-film.com\/fr\/wp-json\/wp\/v2\/media?parent=1357"}],"curies":[{"name":"wp","href":"https:\/\/api.w.org\/{rel}","templated":true}]}}